 {"id":5214,"date":"2021-10-16T05:21:46","date_gmt":"2021-10-16T05:21:46","guid":{"rendered":"http:\/\/zersis.net\/?page_id=5214"},"modified":"2023-02-18T06:06:13","modified_gmt":"2023-02-18T06:06:13","slug":"zabout-us","status":"publish","type":"page","link":"https:\/\/zersis.net\/index.php\/zabout-us\/","title":{"rendered":"ZAbout Us"},"content":{"rendered":"<section class=\"wpb-content-wrapper\"><p>[vc_row][vc_column][vc_single_image image=&#8221;5414&#8243; img_size=&#8221;full&#8221; alignment=&#8221;center&#8221;][\/vc_column][\/vc_row][vc_row][vc_column][vc_single_image image=&#8221;5391&#8243; img_size=&#8221;full&#8221; alignment=&#8221;center&#8221;][\/vc_column][\/vc_row][vc_row equal_height=&#8221;yes&#8221; css=&#8221;.vc_custom_1634482046795{border-top-width: 3px !important;border-right-width: 3px !important;border-bottom-width: 3px !important;border-left-width: 3px !important;border-left-color: #81d742 !important;border-left-style: solid !important;border-right-color: #81d742 !important;border-right-style: solid !important;border-top-color: #81d742 !important;border-top-style: solid !important;border-bottom-color: #81d742 !important;border-bottom-style: solid !important;border-radius: 3px !important;}&#8221;][vc_column width=&#8221;1\/2&#8243; css=&#8221;.vc_custom_1634482202371{border-right-width: 3px !important;border-right-color: #81d742 !important;border-right-style: solid !important;border-radius: 3px !important;}&#8221;][vc_column_text]<\/p>\n<h2><strong>Company Profile<\/strong><\/h2>\n<p>Established in Dubai 18 years ago, ZERSIS Bld. Mat. Trading LLC has grown from a small trading firm in 1992 into one of the largest building materials company in the region. The company has in stock more than 10,000 products and value added services in-house, and operates from its head offices in Dubai.<\/p>\n<p>Zersis has grown into one of the largest building materials company in the region, with other branches worldwide in Yemen, Saudi Arabia, African Countries, in addition to procurement offices in China, Philippine and Canada.<\/p>\n<p>Zersis has practiced complete satisfaction in customer service, Our valued customers are from all over Arab, Gulf &amp; African Countries. We have established outlets, supermarket and hardware stores in Africa and Middle East.<\/p>\n<p>Being established in 1992, we have proved expertise in Import &amp; Export of right goods from different parts of the world to UAE and Africa. Our Products quality and the prompt service fetch us good business and developments. We believe in best customer service for our success.<\/p>\n<h2><strong>Our Vision &amp; Mission<\/strong><\/h2>\n<p>To improve the lifestyle of our customers by providing innovative products and services.<\/p>\n<p>Setting high standards service, quality, safety environment &amp; Serving our customers and community with quality products to build their dream homes in reality.<\/p>\n<p>Integrity, Respect, Team Work &amp; recognition of employees &amp; customers.[\/vc_column_text][\/vc_column][vc_column width=&#8221;1\/2&#8243;][vc_column_text]<\/p>\n<h2><strong>Profile de Zersis<\/strong><\/h2>\n<p>Etabli \u00e0 Dubai il y a 25ans, Zersis Building Materiel Trading est parti d\u2019un petit commerce vers les ann\u00e9es 1992 pour arriver aux plus grands des compagnies de mat\u00e9riels de construction de la r\u00e9gion.<\/p>\n<p>Zersis s\u2019est fait une place parmi les compagnies les plus connues de la r\u00e9gion en rapport avec nos autres branches au Yemen, en Arabi Saoudite, en Afrique et avec nos autres bureaux en Chine et au Canada.<\/p>\n<p>Zersis a pratiqu\u00e9 une compl\u00e8te satisfaction envers sa client\u00e8le en mati\u00e8re de service et rentabilit\u00e9. Nos clients les plus valeureux nous viennent des pays arabes, du Golf et d\u2019Afrique. Nous disposons aussi de points de ventes, supermarch\u00e9s et quincailleries \u00e9tablis en Afrique et dans le Moyen Orient.<\/p>\n<p>Mis sur pieds vers les ann\u00e9es 1992, nous avons prouv\u00e9 une expertise dans l\u2019Importation et l\u2019Exportation de produits de qualit\u00e9 de diff\u00e9rent pays du monde (France, Grece, Italy, Turquie, Chine, Arabie Saoudite,et autres\u2026) vers les Emirats Arab Unis. Nos produits de qualit\u00e9 et le service que nous offrons nous a permis de \u00e9veloper un bon commerce de qualit\u00e9 et de rentabilit\u00e9. Notre succ\u00e9s repose sur la qualit\u00e9 du service rendu \u00e0 notre bien aimable client\u00e8le.<\/p>\n<h2><strong>Notre Vison et Mission<\/strong><\/h2>\n<p>Am\u00e9liorer le niveau de vie de nos clients par l\u2019innovation des nos produits et services<\/p>\n<p>Mettre en place un haut service de qualit\u00e9, s\u00e9curit\u00e9 environnementale et servir \u00e0 notre clientele et \u00e0 la communaut\u00e9 des produits de renomm\u00e9e internationale pour leur permettre de transformer leurs r\u00eaves en r\u00e9alit\u00e9<\/p>\n<p>Int\u00e9grit\u00e9, respect, travail d\u2019\u00e9quipe et reconnaissance envers nos employ\u00e9s et nos clients.[\/vc_column_text][\/vc_column][\/vc_row][vc_row][vc_column][vc_media_grid element_width=&#8221;2&#8243; grid_id=&#8221;vc_gid:1634573318606-6bf83414-f5fe-3&#8243; include=&#8221;5397,5398,5399,5400,5401,5402&#8243;][\/vc_column][\/vc_row]<\/p>\n<\/section>","protected":false},"excerpt":{"rendered":"<p>[vc_row][vc_column][vc_single_image image=&#8221;5414&#8243; img_size=&#8221;full&#8221; alignment=&#8221;center&#8221;][\/vc_column][\/vc_row][vc_row][vc_column][vc_single_image image=&#8221;5391&#8243; img_size=&#8221;full&#8221; alignment=&#8221;center&#8221;][\/vc_column][\/vc_row][vc_row equal_height=&#8221;yes&#8221; css=&#8221;.vc_custom_1634482046795{border-top-width: 3px !important;border-right-width: 3px !important;border-bottom-width: 3px !important;border-left-width: 3px !important;border-left-color: #81d742 !important;border-left-style: solid !important;border-right-color: #81d742 !important;border-right-style: solid !important;border-top-color: #81d742 !important;border-top-style: solid !important;border-bottom-color: #81d742<\/p>\n","protected":false},"author":1,"featured_media":0,"parent":0,"menu_order":0,"comment_status":"closed","ping_status":"closed","template":"","meta":{"om_disable_all_campaigns":false,"_mi_skip_tracking":false,"footnotes":""},"class_list":["post-5214","page","type-page","status-publish","hentry"],"aioseo_notices":[],"_links":{"self":[{"href":"https:\/\/zersis.net\/index.php\/wp-json\/wp\/v2\/pages\/5214"}],"collection":[{"href":"https:\/\/zersis.net\/index.php\/wp-json\/wp\/v2\/pages"}],"about":[{"href":"https:\/\/zersis.net\/index.php\/wp-json\/wp\/v2\/types\/page"}],"author":[{"embeddable":true,"href":"https:\/\/zersis.net\/index.php\/wp-json\/wp\/v2\/users\/1"}],"replies":[{"embeddable":true,"href":"https:\/\/zersis.net\/index.php\/wp-json\/wp\/v2\/comments?post=5214"}],"version-history":[{"count":27,"href":"https:\/\/zersis.net\/index.php\/wp-json\/wp\/v2\/pages\/5214\/revisions"}],"predecessor-version":[{"id":5781,"href":"https:\/\/zersis.net\/index.php\/wp-json\/wp\/v2\/pages\/5214\/revisions\/5781"}],"wp:attachment":[{"href":"https:\/\/zersis.net\/index.php\/wp-json\/wp\/v2\/media?parent=5214"}],"curies":[{"name":"wp","href":"https:\/\/api.w.org\/{rel}","templated":true}]}}